{"id":4254,"date":"2025-07-22T15:34:31","date_gmt":"2025-07-22T13:34:31","guid":{"rendered":"https:\/\/aktradingfutures.fr\/?post_type=product&#038;p=4254"},"modified":"2025-07-22T17:28:50","modified_gmt":"2025-07-22T15:28:50","slug":"formation-de-trading-pour-debutants","status":"publish","type":"product","link":"https:\/\/aktradingfutures.fr\/index.php\/product\/formation-de-trading-pour-debutants\/","title":{"rendered":"Formation de Trading pour D\u00e9butants"},"content":{"rendered":"<p>[et_pb_section fb_built=\u00a0\u00bb1&Prime; _builder_version=\u00a0\u00bb4.16&Prime; custom_padding=\u00a0\u00bb0px||||false|false\u00a0\u00bb global_colors_info=\u00a0\u00bb{}\u00a0\u00bb][et_pb_row _builder_version=\u00a0\u00bb4.16&Prime; background_size=\u00a0\u00bbinitial\u00a0\u00bb background_position=\u00a0\u00bbtop_left\u00a0\u00bb background_repeat=\u00a0\u00bbrepeat\u00a0\u00bb width=\u00a0\u00bb100%\u00a0\u00bb custom_padding=\u00a0\u00bb0px||0px||false|false\u00a0\u00bb global_colors_info=\u00a0\u00bb{}\u00a0\u00bb][et_pb_column type=\u00a0\u00bb4_4&Prime; _builder_version=\u00a0\u00bb4.16&Prime; custom_padding=\u00a0\u00bb|||\u00a0\u00bb global_colors_info=\u00a0\u00bb{}\u00a0\u00bb custom_padding__hover=\u00a0\u00bb|||\u00a0\u00bb][et_pb_image src=\u00a0\u00bbhttps:\/\/aktradingfutures.fr\/wp-content\/uploads\/2025\/07\/Trading-pour-Debutants-1.png\u00a0\u00bb alt=\u00a0\u00bbTrading pour d\u00e9butants\u00a0\u00bb title_text=\u00a0\u00bbTrading pour D\u00e9butants (1)\u00a0\u00bb _builder_version=\u00a0\u00bb4.27.4&Prime; _module_preset=\u00a0\u00bbdefault\u00a0\u00bb global_colors_info=\u00a0\u00bb{}\u00a0\u00bb custom_margin=\u00a0\u00bb||62px|||\u00a0\u00bb][\/et_pb_image][et_pb_wc_price _builder_version=\u00a0\u00bb4.27.4&Prime; text_orientation=\u00a0\u00bbcenter\u00a0\u00bb custom_margin=\u00a0\u00bb||31px|||\u00a0\u00bb global_colors_info=\u00a0\u00bb{}\u00a0\u00bb][\/et_pb_wc_price][\/et_pb_column][\/et_pb_row][et_pb_row _builder_version=\u00a0\u00bb4.27.4&Prime; background_size=\u00a0\u00bbinitial\u00a0\u00bb background_position=\u00a0\u00bbtop_left\u00a0\u00bb background_repeat=\u00a0\u00bbrepeat\u00a0\u00bb width=\u00a0\u00bb100%\u00a0\u00bb custom_padding=\u00a0\u00bb0px||||false|false\u00a0\u00bb global_colors_info=\u00a0\u00bb{}\u00a0\u00bb][et_pb_column type=\u00a0\u00bb4_4&Prime; _builder_version=\u00a0\u00bb4.16&Prime; custom_padding=\u00a0\u00bb|||\u00a0\u00bb global_colors_info=\u00a0\u00bb{}\u00a0\u00bb custom_padding__hover=\u00a0\u00bb|||\u00a0\u00bb][et_pb_wc_title _builder_version=\u00a0\u00bb4.27.4&Prime; header_text_align=\u00a0\u00bbcenter\u00a0\u00bb custom_padding=\u00a0\u00bb60px||37px|||\u00a0\u00bb box_shadow_style=\u00a0\u00bbpreset1&Prime; global_colors_info=\u00a0\u00bb{}\u00a0\u00bb custom_margin=\u00a0\u00bb||47px|||\u00a0\u00bb][\/et_pb_wc_title][et_pb_wc_description description_type=\u00a0\u00bbdescription\u00a0\u00bb _builder_version=\u00a0\u00bb4.27.4&Prime; text_orientation=\u00a0\u00bbcenter\u00a0\u00bb custom_margin=\u00a0\u00bb-41px||38px|||\u00a0\u00bb custom_padding=\u00a0\u00bb0px||37px|||\u00a0\u00bb box_shadow_style=\u00a0\u00bbpreset1&Prime; global_colors_info=\u00a0\u00bb{}\u00a0\u00bb][\/et_pb_wc_description][et_pb_wc_add_to_cart product=\u00a0\u00bb4254&Prime; _builder_version=\u00a0\u00bb4.27.4&Prime; text_orientation=\u00a0\u00bbcenter\u00a0\u00bb global_colors_info=\u00a0\u00bb{}\u00a0\u00bb][\/et_pb_wc_add_to_cart][\/et_pb_column][\/et_pb_row][\/et_pb_section]<\/p>\n","protected":false},"excerpt":{"rendered":"<p>Vous d\u00e9butez dans le trading et souhaitez apprendre avec m\u00e9thode, encadrement et pratique r\u00e9elle ? Cette formation est faite pour vous.<\/p>\n<p>Con\u00e7ue pour les\u00a0<strong>novices<\/strong>, elle vous guide \u00e9tape par \u00e9tape pour comprendre les fondamentaux du trading, d\u00e9couvrir les diff\u00e9rents march\u00e9s, ma\u00eetriser les outils indispensables, et surtout, pratiquer dans des conditions r\u00e9elles aux c\u00f4t\u00e9s de traders exp\u00e9riment\u00e9s.<\/p>\n","protected":false},"featured_media":0,"template":"","meta":{"_et_pb_use_builder":"on","_et_pb_old_content":"Vous d\u00e9butez dans le trading et souhaitez apprendre avec m\u00e9thode, encadrement et pratique r\u00e9elle ? Cette formation est faite pour vous.\r\n\r\nCon\u00e7ue pour les\u00a0<strong>novices<\/strong>, elle vous guide \u00e9tape par \u00e9tape pour comprendre les fondamentaux du trading, d\u00e9couvrir les diff\u00e9rents march\u00e9s, ma\u00eetriser les outils indispensables, et surtout, pratiquer dans des conditions r\u00e9elles aux c\u00f4t\u00e9s de traders exp\u00e9riment\u00e9s.\r\n<h3><strong>Ce que vous allez apprendre :<\/strong><\/h3>\r\nComprendre ce qu\u2019est <strong>le trading<\/strong>, son fonctionnement, les risques et les opportunit\u00e9s.\r\nD\u00e9couvrir les <strong>diff\u00e9rents types de march\u00e9s<\/strong>\u00a0:\r\n\r\n<strong>CFD<\/strong>\u00a0(Contract For Difference)\r\n\r\n<strong>Futures<\/strong>\u00a0(contrats \u00e0 terme)\r\n\r\n<strong>Actions<\/strong>\u00a0(march\u00e9 boursier classique)\r\n\r\n<strong>Options<\/strong>\u00a0(d\u00e9riv\u00e9s financiers)\r\nAvec une explication claire des diff\u00e9rences entre ces march\u00e9s, pour choisir celui qui vous correspond.\r\n\r\n<strong>Analyse technique de base<\/strong>\u00a0:\r\n\r\nComprendre les\u00a0<strong>supports<\/strong>,\u00a0<strong>r\u00e9sistances<\/strong>,\u00a0<strong>zones de prix cl\u00e9s<\/strong>\r\n\r\nInitiation \u00e0 la\u00a0<strong>lecture des graphiques<\/strong>\r\n\r\nUtilisation d\u2019<strong>indicateurs techniques<\/strong>\u00a0(RSI, moyennes mobiles, MACD, etc.)\r\n\r\n<strong>Choix du style de trading adapt\u00e9 \u00e0 votre profil<\/strong>\u00a0:\r\nUn\u00a0<strong>entretien t\u00e9l\u00e9phonique pr\u00e9alable<\/strong>\u00a0est pr\u00e9vu pour vous orienter vers le style de trading le plus adapt\u00e9 :\r\n\r\n<strong>Swing trading<\/strong>\u00a0(prises de position sur plusieurs jours)\r\n\r\n<strong>Day trading<\/strong>\u00a0(trading journalier)\r\n\r\n<strong>Scalping<\/strong>\u00a0(op\u00e9rations tr\u00e8s rapides)\r\n\r\n<strong>Installation et prise en main des plateformes<\/strong>\u00a0de trading (MetaTrader, TradingView, cTrader\u2026)\r\nIntroduction aux <strong>prop firms<\/strong>\u00a0: comprendre leur fonctionnement, comment elles permettent de trader avec un capital externe, et\u00a0<strong>conseils d\u2019utilisation<\/strong>\u00a0pour r\u00e9ussir les phases d\u2019\u00e9valuation.\r\n<h3><strong>Modalit\u00e9s de la formation :<\/strong><\/h3>\r\n<strong>1 entretien personnalis\u00e9<\/strong>\u00a0avant la formation pour cerner votre niveau, vos objectifs et vos pr\u00e9f\u00e9rences.\r\n<strong>4 jours de formation intensive<\/strong>, \u00e0 distance, via\u00a0<strong>Zoom<\/strong>\u00a0\u2014\u00a0<strong>4 heures par jour<\/strong>\r\nFormation interactive avec <strong>partage d\u2019\u00e9cran<\/strong>, accompagnement pas \u00e0 pas dans l\u2019installation des outils et la mise en place de votre environnement de trading.\r\nUn mix d\u2019<strong>apports th\u00e9oriques<\/strong>, de\u00a0<strong>cas pratiques<\/strong>, et d\u2019exercices concrets.\r\n<h3><strong>Apr\u00e8s la formation : pratique &amp; accompagnement<\/strong><\/h3>\r\n\u00c0 l\u2019issue de la formation, vous aurez <strong>acc\u00e8s \u00e0 nos sessions de trading en direct (live)<\/strong>, en petit groupe, avec d\u2019autres traders.\r\nVous pourrez observer, poser vos questions en temps r\u00e9el et\u00a0<strong>prendre des trades en direct<\/strong>, dans un environnement s\u00e9curis\u00e9 et p\u00e9dagogique.\r\n\r\nCar rien ne vaut\u00a0<strong>la pratique encadr\u00e9e<\/strong>\u00a0pour progresser rapidement et gagner en confiance.","_et_gb_content_width":""},"product_brand":[],"product_cat":[19],"product_tag":[],"class_list":{"0":"post-4254","1":"product","2":"type-product","3":"status-publish","5":"product_cat-produits","7":"first","8":"instock","9":"virtual","10":"sold-individually","11":"purchasable","12":"product-type-simple"},"_links":{"self":[{"href":"https:\/\/aktradingfutures.fr\/index.php\/wp-json\/wp\/v2\/product\/4254","targetHints":{"allow":["GET"]}}],"collection":[{"href":"https:\/\/aktradingfutures.fr\/index.php\/wp-json\/wp\/v2\/product"}],"about":[{"href":"https:\/\/aktradingfutures.fr\/index.php\/wp-json\/wp\/v2\/types\/product"}],"wp:attachment":[{"href":"https:\/\/aktradingfutures.fr\/index.php\/wp-json\/wp\/v2\/media?parent=4254"}],"wp:term":[{"taxonomy":"product_brand","embeddable":true,"href":"https:\/\/aktradingfutures.fr\/index.php\/wp-json\/wp\/v2\/product_brand?post=4254"},{"taxonomy":"product_cat","embeddable":true,"href":"https:\/\/aktradingfutures.fr\/index.php\/wp-json\/wp\/v2\/product_cat?post=4254"},{"taxonomy":"product_tag","embeddable":true,"href":"https:\/\/aktradingfutures.fr\/index.php\/wp-json\/wp\/v2\/product_tag?post=4254"}],"curies":[{"name":"wp","href":"https:\/\/api.w.org\/{rel}","templated":true}]}}