{"id":34,"date":"2024-02-10T12:45:45","date_gmt":"2024-02-10T11:45:45","guid":{"rendered":"https:\/\/aktradingfutures.fr\/?post_type=product&#038;p=34"},"modified":"2024-05-04T20:52:03","modified_gmt":"2024-05-04T18:52:03","slug":"ak-super-dom","status":"publish","type":"product","link":"https:\/\/aktradingfutures.fr\/index.php\/product\/ak-super-dom\/","title":{"rendered":"AK Super Dom"},"content":{"rendered":"<p>[et_pb_section fb_built=\u00a0\u00bb1&Prime; _builder_version=\u00a0\u00bb4.16&Prime; custom_padding=\u00a0\u00bb0px||||false|false\u00a0\u00bb global_colors_info=\u00a0\u00bb{}\u00a0\u00bb][et_pb_row _builder_version=\u00a0\u00bb4.23.4&Prime; _module_preset=\u00a0\u00bbdefault\u00a0\u00bb global_colors_info=\u00a0\u00bb{}\u00a0\u00bb][et_pb_column type=\u00a0\u00bb4_4&Prime; _builder_version=\u00a0\u00bb4.23.4&Prime; _module_preset=\u00a0\u00bbdefault\u00a0\u00bb global_colors_info=\u00a0\u00bb{}\u00a0\u00bb][et_pb_image src=\u00a0\u00bbhttps:\/\/aktradingfutures.fr\/wp-content\/uploads\/2024\/02\/form-dist-1.png\u00a0\u00bb title_text=\u00a0\u00bbform dist\u00a0\u00bb _builder_version=\u00a0\u00bb4.24.1&Prime; _module_preset=\u00a0\u00bbdefault\u00a0\u00bb width_tablet=\u00a0\u00bb\u00a0\u00bb width_phone=\u00a0\u00bb130%\u00a0\u00bb width_last_edited=\u00a0\u00bbon|phone\u00a0\u00bb min_height_tablet=\u00a0\u00bb\u00a0\u00bb min_height_phone=\u00a0\u00bb230px\u00a0\u00bb min_height_last_edited=\u00a0\u00bbon|phone\u00a0\u00bb custom_margin_tablet=\u00a0\u00bb\u00a0\u00bb custom_margin_phone=\u00a0\u00bb|||-38px|false|false\u00a0\u00bb custom_margin_last_edited=\u00a0\u00bbon|phone\u00a0\u00bb global_colors_info=\u00a0\u00bb{}\u00a0\u00bb][\/et_pb_image][et_pb_wc_price _builder_version=\u00a0\u00bb4.24.0&Prime; text_orientation=\u00a0\u00bbcenter\u00a0\u00bb custom_margin=\u00a0\u00bb-2px||10px|||\u00a0\u00bb global_colors_info=\u00a0\u00bb{}\u00a0\u00bb][\/et_pb_wc_price][\/et_pb_column][\/et_pb_row][et_pb_row _builder_version=\u00a0\u00bb4.24.0&Prime; _module_preset=\u00a0\u00bbdefault\u00a0\u00bb width_tablet=\u00a0\u00bb\u00a0\u00bb width_phone=\u00a0\u00bb120%\u00a0\u00bb width_last_edited=\u00a0\u00bbon|phone\u00a0\u00bb custom_margin_tablet=\u00a0\u00bb\u00a0\u00bb custom_margin_phone=\u00a0\u00bb|||-32px|false|false\u00a0\u00bb custom_margin_last_edited=\u00a0\u00bbon|phone\u00a0\u00bb custom_padding=\u00a0\u00bb25px|10px|25px|10px|true|true\u00a0\u00bb border_width_all=\u00a0\u00bb1px\u00a0\u00bb border_color_all=\u00a0\u00bb#E09900&Prime; box_shadow_style=\u00a0\u00bbpreset2&Prime; global_colors_info=\u00a0\u00bb{}\u00a0\u00bb][et_pb_column type=\u00a0\u00bb4_4&Prime; _builder_version=\u00a0\u00bb4.23.4&Prime; _module_preset=\u00a0\u00bbdefault\u00a0\u00bb global_colors_info=\u00a0\u00bb{}\u00a0\u00bb][et_pb_wc_title _builder_version=\u00a0\u00bb4.24.0&Prime; header_text_align=\u00a0\u00bbcenter\u00a0\u00bb custom_margin=\u00a0\u00bb||11px|||\u00a0\u00bb global_colors_info=\u00a0\u00bb{}\u00a0\u00bb][\/et_pb_wc_title][et_pb_wc_description _builder_version=\u00a0\u00bb4.24.0&Prime; text_orientation=\u00a0\u00bbcenter\u00a0\u00bb custom_margin=\u00a0\u00bb9px||11px|||\u00a0\u00bb global_colors_info=\u00a0\u00bb{}\u00a0\u00bb][\/et_pb_wc_description][et_pb_wc_description description_type=\u00a0\u00bbdescription\u00a0\u00bb _builder_version=\u00a0\u00bb4.24.0&Prime; text_orientation=\u00a0\u00bbcenter\u00a0\u00bb global_colors_info=\u00a0\u00bb{}\u00a0\u00bb][\/et_pb_wc_description][et_pb_wc_add_to_cart show_quantity=\u00a0\u00bboff\u00a0\u00bb show_stock=\u00a0\u00bboff\u00a0\u00bb disabled_on=\u00a0\u00bboff|off|off\u00a0\u00bb _builder_version=\u00a0\u00bb4.24.2&Prime; global_colors_info=\u00a0\u00bb{}\u00a0\u00bb][\/et_pb_wc_add_to_cart][et_pb_text disabled_on=\u00a0\u00bboff|off|off\u00a0\u00bb _builder_version=\u00a0\u00bb4.24.2&Prime; _module_preset=\u00a0\u00bbdefault\u00a0\u00bb text_font=\u00a0\u00bb|700|||||||\u00a0\u00bb text_text_color=\u00a0\u00bb#0C71C3&Prime; text_orientation=\u00a0\u00bbcenter\u00a0\u00bb border_width_all=\u00a0\u00bb1px\u00a0\u00bb border_color_all=\u00a0\u00bb#E09900&Prime; global_colors_info=\u00a0\u00bb{}\u00a0\u00bb]<\/p>\n<p><span>Optez pour le r\u00e8glement en 4 x sans frais via PayPal lors de la validation de votre commande<\/span><\/p>\n<p>[\/et_pb_text][\/et_pb_column][\/et_pb_row][\/et_pb_section]<\/p>\n","protected":false},"excerpt":{"rendered":"<p>Mon objectif ultime est de fournir un outil puissant, flexible et en constante \u00e9volution, adapt\u00e9 aux besoins sp\u00e9cifiques des traders en scalping, tout en restant \u00e0 l&rsquo;avant-garde des changements de march\u00e9 et des pr\u00e9f\u00e9rences des utilisateurs<\/p>\n","protected":false},"featured_media":38,"template":"","meta":{"_et_pb_use_builder":"on","_et_pb_old_content":"Avantages d'un Carnet d'Ordres et sa composition du AK super Dom\r\n\r\nTransparence du March\u00e9 : Le carnet d'ordres offre une visibilit\u00e9 in\u00e9gal\u00e9e sur la demande et l'offre en temps r\u00e9el, permettant aux traders de saisir la dynamique du march\u00e9 avec pr\u00e9cision. En observant les ordres d'achat et de vente entrants, les participants peuvent prendre des d\u00e9cisions \u00e9clair\u00e9es.\r\n\r\nD\u00e9couverte des Prix d'\u00c9quilibre : Le carnet d'ordres joue un r\u00f4le crucial dans la d\u00e9termination du prix d'\u00e9quilibre, \u00e9galement connu sous le nom de prix du march\u00e9. En analysant les ordres en attente, les traders peuvent identifier les niveaux o\u00f9 l'offre rencontre la demande, r\u00e9v\u00e9lant ainsi le prix auquel les transactions sont susceptibles de se r\u00e9aliser.\r\n\r\nIndicateur de Liquidit\u00e9 : En d\u00e9voilant le nombre de participants pr\u00eats \u00e0 acheter ou vendre \u00e0 un prix donn\u00e9, le carnet d'ordres devient un indicateur pr\u00e9cieux de la liquidit\u00e9 du march\u00e9. Une liquidit\u00e9 abondante peut signaler un march\u00e9 robuste, tandis qu'une faible liquidit\u00e9 peut indiquer des conditions plus volatiles.\r\n\r\nAide \u00e0 la D\u00e9cision : Les traders tirent parti du carnet d'ordres pour prendre des d\u00e9cisions \u00e9clair\u00e9es sur leurs entr\u00e9es et sorties du march\u00e9. L'observation des ordres en temps r\u00e9el fournit des informations cruciales pour anticiper les mouvements potentiels des prix et r\u00e9agir de mani\u00e8re strat\u00e9gique.\r\n\r\nPr\u00e9vision de Tendance \u00e0 Court Terme : En scrutant l'\u00e9volution des ordres dans le temps, le carnet d'ordres peut r\u00e9v\u00e9ler des tendances \u00e0 court terme. Comprendre comment les ordres \u00e9voluent offre aux traders un avantage pour anticiper les changements de direction potentiels du march\u00e9, enrichissant ainsi leur capacit\u00e9 \u00e0 prendre des d\u00e9cisions \u00e9clair\u00e9es.\r\n\r\nFort d'une exp\u00e9rience pluriannuelle en tant que trader de scalping, j'ai \u00e9labor\u00e9 un Carnet d'Ordres personnalis\u00e9, le Super DOM AK, int\u00e9grant les \u00e9l\u00e9ments cruciaux qui correspondent parfaitement \u00e0 mon style de trading. En constante \u00e9volution, cet outil est sp\u00e9cifiquement con\u00e7u pour demeurer pertinent et utile, non seulement pour moi, mais \u00e9galement pour d'autres traders. J'ai minutieusement identifi\u00e9 les informations essentielles n\u00e9cessaires \u00e0 la prise de d\u00e9cisions \u00e9clair\u00e9es lors du scalping et les ai int\u00e9gr\u00e9es dans le DOM.\r\n\r\nCes \u00e9l\u00e9ments comprennent les prix d'achat (bid) et de vente (ask), les volumes d'\u00e9change, l'intention des acheteurs et des vendeurs, l'Inside Print, les transactions en temps r\u00e9el, et d'autres param\u00e8tres pertinents. L'interface du DOM est con\u00e7ue pour \u00eatre conviviale et enti\u00e8rement personnalisable. Ainsi, de nouveaux \u00e9l\u00e9ments peuvent \u00eatre ajout\u00e9s \u00e0 la demande des utilisateurs, r\u00e9pondant ainsi aux besoins \u00e9volutifs des traders en scalping.\r\n\r\nCe qui distingue particuli\u00e8rement le Super DOM AK est son interactivit\u00e9 totale entre les graphiques et le carnet d'ordres. Cette fonctionnalit\u00e9 permet aux utilisateurs de tracer des zones et d'appliquer d'autres indicateurs directement sur les graphiques, avec la possibilit\u00e9 de les voir instantan\u00e9ment refl\u00e9t\u00e9es dans le carnet d'ordres. Cette synergie offre une exp\u00e9rience utilisateur in\u00e9gal\u00e9e, permettant une analyse approfondie et des prises de d\u00e9cision plus \u00e9clair\u00e9es pour optimiser les performances en scalping.\r\n<p style=\"text-align: center\"><span style=\"color: #ff0000\"><strong>Attention, si vous utilisez les donn\u00e9es des comptes de Prop Firme, il est fortement recommand\u00e9 d'utiliser les donn\u00e9es de Tradovate pour assurer le bon fonctionnement du Super DOM pendant les p\u00e9riodes de forte volatilit\u00e9 et les annonces \u00e9conomiques.<\/strong><\/span><\/p>","_et_gb_content_width":""},"product_brand":[],"product_cat":[19],"product_tag":[],"class_list":{"0":"post-34","1":"product","2":"type-product","3":"status-publish","4":"has-post-thumbnail","6":"product_cat-produits","8":"first","9":"instock","10":"virtual","11":"sold-individually","12":"purchasable","13":"product-type-simple"},"_links":{"self":[{"href":"https:\/\/aktradingfutures.fr\/index.php\/wp-json\/wp\/v2\/product\/34","targetHints":{"allow":["GET"]}}],"collection":[{"href":"https:\/\/aktradingfutures.fr\/index.php\/wp-json\/wp\/v2\/product"}],"about":[{"href":"https:\/\/aktradingfutures.fr\/index.php\/wp-json\/wp\/v2\/types\/product"}],"wp:featuredmedia":[{"embeddable":true,"href":"https:\/\/aktradingfutures.fr\/index.php\/wp-json\/wp\/v2\/media\/38"}],"wp:attachment":[{"href":"https:\/\/aktradingfutures.fr\/index.php\/wp-json\/wp\/v2\/media?parent=34"}],"wp:term":[{"taxonomy":"product_brand","embeddable":true,"href":"https:\/\/aktradingfutures.fr\/index.php\/wp-json\/wp\/v2\/product_brand?post=34"},{"taxonomy":"product_cat","embeddable":true,"href":"https:\/\/aktradingfutures.fr\/index.php\/wp-json\/wp\/v2\/product_cat?post=34"},{"taxonomy":"product_tag","embeddable":true,"href":"https:\/\/aktradingfutures.fr\/index.php\/wp-json\/wp\/v2\/product_tag?post=34"}],"curies":[{"name":"wp","href":"https:\/\/api.w.org\/{rel}","templated":true}]}}