{"id":33,"date":"2024-02-10T12:45:45","date_gmt":"2024-02-10T11:45:45","guid":{"rendered":"https:\/\/aktradingfutures.fr\/?post_type=product&#038;p=33"},"modified":"2025-06-15T21:57:12","modified_gmt":"2025-06-15T19:57:12","slug":"trader-elite","status":"publish","type":"product","link":"https:\/\/aktradingfutures.fr\/index.php\/product\/trader-elite\/","title":{"rendered":"Trader \u00e9lite"},"content":{"rendered":"<p>[et_pb_section fb_built=\u00a0\u00bb1&Prime; _builder_version=\u00a0\u00bb4.16&Prime; custom_padding=\u00a0\u00bb0px||||false|false\u00a0\u00bb global_colors_info=\u00a0\u00bb{}\u00a0\u00bb][et_pb_row _builder_version=\u00a0\u00bb4.23.4&Prime; _module_preset=\u00a0\u00bbdefault\u00a0\u00bb global_colors_info=\u00a0\u00bb{}\u00a0\u00bb][et_pb_column type=\u00a0\u00bb4_4&Prime; _builder_version=\u00a0\u00bb4.23.4&Prime; _module_preset=\u00a0\u00bbdefault\u00a0\u00bb global_colors_info=\u00a0\u00bb{}\u00a0\u00bb][et_pb_image src=\u00a0\u00bbhttps:\/\/aktradingfutures.fr\/wp-content\/uploads\/2024\/02\/trader-elite-e1750017261778.png\u00a0\u00bb title_text=\u00a0\u00bbtrader elite\u00a0\u00bb align=\u00a0\u00bbcenter\u00a0\u00bb align_tablet=\u00a0\u00bbcenter\u00a0\u00bb align_phone=\u00a0\u00bbcenter\u00a0\u00bb align_last_edited=\u00a0\u00bbon|desktop\u00a0\u00bb _builder_version=\u00a0\u00bb4.27.4&Prime; _module_preset=\u00a0\u00bbdefault\u00a0\u00bb width=\u00a0\u00bb85%\u00a0\u00bb width_tablet=\u00a0\u00bb85%\u00a0\u00bb width_phone=\u00a0\u00bb130%\u00a0\u00bb width_last_edited=\u00a0\u00bbon|phone\u00a0\u00bb max_width=\u00a0\u00bb85%\u00a0\u00bb max_width_tablet=\u00a0\u00bb85%\u00a0\u00bb max_width_phone=\u00a0\u00bb130%\u00a0\u00bb max_width_last_edited=\u00a0\u00bbon|phone\u00a0\u00bb custom_margin_tablet=\u00a0\u00bb\u00a0\u00bb custom_margin_phone=\u00a0\u00bb|||-38px|false|false\u00a0\u00bb custom_margin_last_edited=\u00a0\u00bbon|phone\u00a0\u00bb hover_enabled=\u00a0\u00bb0&Prime; module_alignment_tablet=\u00a0\u00bb\u00a0\u00bb module_alignment_phone=\u00a0\u00bb\u00a0\u00bb module_alignment_last_edited=\u00a0\u00bbon|phone\u00a0\u00bb global_colors_info=\u00a0\u00bb{}\u00a0\u00bb sticky_enabled=\u00a0\u00bb0&Prime;][\/et_pb_image][et_pb_wc_price product=\u00a0\u00bb33&Prime; disabled_on=\u00a0\u00bboff|off|off\u00a0\u00bb _builder_version=\u00a0\u00bb4.27.4&Prime; text_orientation=\u00a0\u00bbcenter\u00a0\u00bb custom_margin=\u00a0\u00bb-2px||10px|||\u00a0\u00bb global_colors_info=\u00a0\u00bb{}\u00a0\u00bb][\/et_pb_wc_price][\/et_pb_column][\/et_pb_row][et_pb_row _builder_version=\u00a0\u00bb4.24.0&Prime; _module_preset=\u00a0\u00bbdefault\u00a0\u00bb width_tablet=\u00a0\u00bb\u00a0\u00bb width_phone=\u00a0\u00bb120%\u00a0\u00bb width_last_edited=\u00a0\u00bbon|phone\u00a0\u00bb custom_margin_tablet=\u00a0\u00bb\u00a0\u00bb custom_margin_phone=\u00a0\u00bb|||-32px|false|false\u00a0\u00bb custom_margin_last_edited=\u00a0\u00bbon|phone\u00a0\u00bb custom_padding=\u00a0\u00bb25px|10px|25px|10px|true|true\u00a0\u00bb border_width_all=\u00a0\u00bb1px\u00a0\u00bb border_color_all=\u00a0\u00bb#E09900&Prime; box_shadow_style=\u00a0\u00bbpreset2&Prime; global_colors_info=\u00a0\u00bb{}\u00a0\u00bb][et_pb_column type=\u00a0\u00bb4_4&Prime; _builder_version=\u00a0\u00bb4.23.4&Prime; _module_preset=\u00a0\u00bbdefault\u00a0\u00bb global_colors_info=\u00a0\u00bb{}\u00a0\u00bb][et_pb_wc_title _builder_version=\u00a0\u00bb4.24.0&Prime; header_text_align=\u00a0\u00bbcenter\u00a0\u00bb custom_margin=\u00a0\u00bb||11px|||\u00a0\u00bb global_colors_info=\u00a0\u00bb{}\u00a0\u00bb][\/et_pb_wc_title][et_pb_wc_description product=\u00a0\u00bb33&Prime; description_type=\u00a0\u00bbdescription\u00a0\u00bb _builder_version=\u00a0\u00bb4.27.4&Prime; text_orientation=\u00a0\u00bbcenter\u00a0\u00bb body_font_size_tablet=\u00a0\u00bb\u00a0\u00bb body_font_size_phone=\u00a0\u00bb\u00a0\u00bb body_font_size_last_edited=\u00a0\u00bbon|phone\u00a0\u00bb global_colors_info=\u00a0\u00bb{}\u00a0\u00bb][\/et_pb_wc_description][et_pb_wc_add_to_cart product=\u00a0\u00bb33&Prime; show_quantity=\u00a0\u00bboff\u00a0\u00bb show_stock=\u00a0\u00bboff\u00a0\u00bb disabled_on=\u00a0\u00bboff|off|off\u00a0\u00bb _builder_version=\u00a0\u00bb4.27.4&Prime; global_colors_info=\u00a0\u00bb{}\u00a0\u00bb][\/et_pb_wc_add_to_cart][et_pb_text disabled_on=\u00a0\u00bboff|off|off\u00a0\u00bb _builder_version=\u00a0\u00bb4.27.4&Prime; _module_preset=\u00a0\u00bbdefault\u00a0\u00bb custom_padding=\u00a0\u00bb5px|5px|5px|5px|true|true\u00a0\u00bb border_width_all=\u00a0\u00bb2px\u00a0\u00bb border_color_all=\u00a0\u00bb#E02B20&Prime; global_colors_info=\u00a0\u00bb{}\u00a0\u00bb]<\/p>\n<p><span>Pour \u00eatre admis \u00e0 la formation AK Trading, il est imp\u00e9ratif de passer par un entretien. Nous vous prions de bien vouloir nous contacter par courriel \u00e0 l&rsquo;adresse suivante : <\/span><a target=\"_new\" rel=\"noopener\">aktradingfutures@gmail.com<\/a><span>.<\/span><\/p>\n<p>[\/et_pb_text][et_pb_text disabled_on=\u00a0\u00bbon|on|on\u00a0\u00bb _builder_version=\u00a0\u00bb4.27.4&Prime; _module_preset=\u00a0\u00bbdefault\u00a0\u00bb text_font=\u00a0\u00bb|700|||||||\u00a0\u00bb text_text_color=\u00a0\u00bb#0C71C3&Prime; text_orientation=\u00a0\u00bbcenter\u00a0\u00bb border_width_all=\u00a0\u00bb1px\u00a0\u00bb border_color_all=\u00a0\u00bb#E09900&Prime; disabled=\u00a0\u00bbon\u00a0\u00bb global_colors_info=\u00a0\u00bb{}\u00a0\u00bb]<\/p>\n<p><span>Optez pour le r\u00e8glement en 4 x sans frais via PayPal lors de la validation de votre commande<\/span><\/p>\n<p>[\/et_pb_text][\/et_pb_column][\/et_pb_row][\/et_pb_section]<\/p>\n","protected":false},"excerpt":{"rendered":"<p>Trader Elite est un programme d&rsquo;accompagnement intensif et personnalis\u00e9 sur une ann\u00e9e compl\u00e8te, con\u00e7u pour vous immerger imm\u00e9diatement dans la r\u00e9alit\u00e9 des march\u00e9s financiers, avec une approche professionnelle, progressive et ax\u00e9e sur la pratique.<\/p>\n","protected":false},"featured_media":37,"template":"","meta":{"_et_pb_use_builder":"on","_et_pb_old_content":"<h3 data-start=\"53\" data-end=\"116\"><\/h3>\r\n<h3 data-start=\"53\" data-end=\"116\"><\/h3>\r\n<h3 data-start=\"53\" data-end=\"116\"><\/h3>\r\n<h3 data-start=\"53\" data-end=\"116\">Trading Elite \u2013 Formation &amp; Coaching Personnalis\u00e9s sur 1 An<\/h3>\r\n<p data-start=\"118\" data-end=\"365\">Trading Elite est un programme d'accompagnement intensif et personnalis\u00e9 sur une ann\u00e9e compl\u00e8te, con\u00e7u pour vous immerger imm\u00e9diatement dans la r\u00e9alit\u00e9 des march\u00e9s financiers, avec une approche professionnelle, progressive et ax\u00e9e sur la pratique.<\/p>\r\n\r\n<h3 data-start=\"367\" data-end=\"406\"><\/h3>\r\n<h3 data-start=\"367\" data-end=\"406\">Une immersion imm\u00e9diate et pratique<\/h3>\r\n<p data-start=\"408\" data-end=\"714\">D\u00e8s le premier jour, vous entrez dans le vif du sujet : march\u00e9s financiers, plateformes, strat\u00e9gies concr\u00e8tes, carnet d\u2019ordres et premi\u00e8res analyses en temps r\u00e9el.<br data-start=\"571\" data-end=\"574\" \/>Chaque notion abord\u00e9e est directement mise en application \u00e0 travers des exercices pratiques, \u00e9tudes de cas et sessions de trading en direct.<\/p>\r\n\r\n<h3 data-start=\"716\" data-end=\"762\"><\/h3>\r\n<h3 data-start=\"716\" data-end=\"762\">Rejoignez une communaut\u00e9 active de traders<\/h3>\r\n<p data-start=\"764\" data-end=\"913\">En int\u00e9grant Trading Elite, vous acc\u00e9dez automatiquement \u00e0 notre groupe priv\u00e9 Discord, r\u00e9serv\u00e9 aux membres en formation.<br data-start=\"884\" data-end=\"887\" \/>Ce groupe vous permet de :<\/p>\r\n\r\n<ul data-start=\"914\" data-end=\"1140\">\r\n \t<li data-start=\"914\" data-end=\"989\">\r\n<p data-start=\"916\" data-end=\"989\">Trader en direct en partage d\u2019\u00e9cran avec l\u2019\u00e9quipe et les autres membres<\/p>\r\n<\/li>\r\n \t<li data-start=\"990\" data-end=\"1027\">\r\n<p data-start=\"992\" data-end=\"1027\">Poser vos questions en temps r\u00e9el<\/p>\r\n<\/li>\r\n \t<li data-start=\"1028\" data-end=\"1071\">\r\n<p data-start=\"1030\" data-end=\"1071\">Partager vos analyses, doutes et trades<\/p>\r\n<\/li>\r\n \t<li data-start=\"1072\" data-end=\"1140\">\r\n<p data-start=\"1074\" data-end=\"1140\">Progresser ensemble dans une ambiance bienveillante et motivante<\/p>\r\n<\/li>\r\n<\/ul>\r\n<p data-start=\"1142\" data-end=\"1288\">Car trader en communaut\u00e9, c\u2019est apprendre plus vite, mieux comprendre les mouvements de march\u00e9 et b\u00e9n\u00e9ficier d\u2019une dynamique collective puissante.<\/p>\r\n\r\n<h3 data-start=\"1290\" data-end=\"1341\"><\/h3>\r\n<h3 data-start=\"1290\" data-end=\"1341\">Une mont\u00e9e en comp\u00e9tence structur\u00e9e sur l'ann\u00e9e<\/h3>\r\n<p data-start=\"1343\" data-end=\"1379\">Au fil des mois, vous apprendrez \u00e0 :<\/p>\r\n\r\n<ul data-start=\"1380\" data-end=\"1622\">\r\n \t<li data-start=\"1380\" data-end=\"1433\">\r\n<p data-start=\"1382\" data-end=\"1433\">Ma\u00eetriser les fondamentaux des march\u00e9s financiers<\/p>\r\n<\/li>\r\n \t<li data-start=\"1434\" data-end=\"1486\">\r\n<p data-start=\"1436\" data-end=\"1486\">Utiliser efficacement les plateformes de trading<\/p>\r\n<\/li>\r\n \t<li data-start=\"1487\" data-end=\"1550\">\r\n<p data-start=\"1489\" data-end=\"1550\">D\u00e9tecter et interpr\u00e9ter les manipulations institutionnelles<\/p>\r\n<\/li>\r\n \t<li data-start=\"1551\" data-end=\"1622\">\r\n<p data-start=\"1553\" data-end=\"1622\">Appliquer des strat\u00e9gies de scalping et de day trading performantes<\/p>\r\n<\/li>\r\n<\/ul>\r\n<h3 data-start=\"1624\" data-end=\"1656\"><\/h3>\r\n<h3 data-start=\"1624\" data-end=\"1656\">Outils professionnels inclus<\/h3>\r\n<p data-start=\"1658\" data-end=\"1701\">Dans le pack de formation, sont compris :<\/p>\r\n\r\n<ul data-start=\"1702\" data-end=\"1858\">\r\n \t<li data-start=\"1702\" data-end=\"1748\">\r\n<p data-start=\"1704\" data-end=\"1748\">Carnet d\u2019ordres, Market Profile, Footprint<\/p>\r\n<\/li>\r\n \t<li data-start=\"1749\" data-end=\"1780\">\r\n<p data-start=\"1751\" data-end=\"1780\">Le SuperDOM sur NinjaTrader<\/p>\r\n<\/li>\r\n \t<li data-start=\"1781\" data-end=\"1858\">\r\n<p data-start=\"1783\" data-end=\"1858\">L\u2019outil Algo Single Print, d\u2019une valeur de 949\u202f\u20ac, inclus dans votre acc\u00e8s<\/p>\r\n<\/li>\r\n<\/ul>\r\n<h3 data-start=\"1860\" data-end=\"1899\"><\/h3>\r\n<h3 data-start=\"1860\" data-end=\"1899\">Coaching personnalis\u00e9 d\u00e8s le d\u00e9part<\/h3>\r\n<p data-start=\"1901\" data-end=\"1982\">Avant de commencer la formation, vous b\u00e9n\u00e9ficiez d\u2019un entretien individuel pour :<\/p>\r\n\r\n<ul data-start=\"1983\" data-end=\"2098\">\r\n \t<li data-start=\"1983\" data-end=\"2007\">\r\n<p data-start=\"1985\" data-end=\"2007\">\u00c9valuer votre niveau<\/p>\r\n<\/li>\r\n \t<li data-start=\"2008\" data-end=\"2036\">\r\n<p data-start=\"2010\" data-end=\"2036\">Comprendre vos objectifs<\/p>\r\n<\/li>\r\n \t<li data-start=\"2037\" data-end=\"2098\">\r\n<p data-start=\"2039\" data-end=\"2098\">Construire un parcours sur mesure, adapt\u00e9 \u00e0 vos ambitions<\/p>\r\n<\/li>\r\n<\/ul>\r\n\r\n<hr data-start=\"2100\" data-end=\"2103\" \/>\r\n<p data-start=\"2105\" data-end=\"2163\">\u2705 <strong data-start=\"2107\" data-end=\"2163\">Rejoignez le programme Trading Elite d\u00e8s aujourd\u2019hui<\/strong><\/p>\r\n<p data-start=\"2165\" data-end=\"2439\">Apprenez, pratiquez, progressez et transformez votre approche du trading.<br data-start=\"2238\" data-end=\"2241\" \/>Avec le programme <strong data-start=\"2259\" data-end=\"2276\">Trading Elite<\/strong>, vous b\u00e9n\u00e9ficiez d\u2019un accompagnement humain, d\u2019outils professionnels et d\u2019une communaut\u00e9 engag\u00e9e pour vous aider \u00e0 r\u00e9ussir durablement sur les march\u00e9s financiers.<\/p>","_et_gb_content_width":""},"product_brand":[],"product_cat":[18],"product_tag":[],"class_list":{"0":"post-33","1":"product","2":"type-product","3":"status-publish","4":"has-post-thumbnail","6":"product_cat-formations","8":"first","9":"instock","10":"virtual","11":"sold-individually","12":"purchasable","13":"product-type-simple"},"_links":{"self":[{"href":"https:\/\/aktradingfutures.fr\/index.php\/wp-json\/wp\/v2\/product\/33","targetHints":{"allow":["GET"]}}],"collection":[{"href":"https:\/\/aktradingfutures.fr\/index.php\/wp-json\/wp\/v2\/product"}],"about":[{"href":"https:\/\/aktradingfutures.fr\/index.php\/wp-json\/wp\/v2\/types\/product"}],"wp:featuredmedia":[{"embeddable":true,"href":"https:\/\/aktradingfutures.fr\/index.php\/wp-json\/wp\/v2\/media\/37"}],"wp:attachment":[{"href":"https:\/\/aktradingfutures.fr\/index.php\/wp-json\/wp\/v2\/media?parent=33"}],"wp:term":[{"taxonomy":"product_brand","embeddable":true,"href":"https:\/\/aktradingfutures.fr\/index.php\/wp-json\/wp\/v2\/product_brand?post=33"},{"taxonomy":"product_cat","embeddable":true,"href":"https:\/\/aktradingfutures.fr\/index.php\/wp-json\/wp\/v2\/product_cat?post=33"},{"taxonomy":"product_tag","embeddable":true,"href":"https:\/\/aktradingfutures.fr\/index.php\/wp-json\/wp\/v2\/product_tag?post=33"}],"curies":[{"name":"wp","href":"https:\/\/api.w.org\/{rel}","templated":true}]}}