{"id":2438,"date":"2023-09-27T15:29:47","date_gmt":"2023-09-27T15:29:47","guid":{"rendered":"https:\/\/aktradingfutures.com\/?page_id=2438"},"modified":"2023-09-27T15:29:47","modified_gmt":"2023-09-27T15:29:47","slug":"termes-et-conditions","status":"publish","type":"page","link":"https:\/\/aktradingfutures.fr\/index.php\/termes-et-conditions\/","title":{"rendered":"Termes et conditions"},"content":{"rendered":"<p>[et_pb_section fb_built=\u00a0\u00bb1&Prime; admin_label=\u00a0\u00bbHeader\u00a0\u00bb _builder_version=\u00a0\u00bb4.20.0&Prime; _module_preset=\u00a0\u00bbdefault\u00a0\u00bb background_color=\u00a0\u00bbgcid-ad629ad7-29bc-4d34-a428-476c380868ee\u00a0\u00bb locked=\u00a0\u00bboff\u00a0\u00bb collapsed=\u00a0\u00bbon\u00a0\u00bb global_colors_info=\u00a0\u00bb{%22gcid-ad629ad7-29bc-4d34-a428-476c380868ee%22:%91%22background_color%22%93}\u00a0\u00bb][et_pb_row _builder_version=\u00a0\u00bb4.20.0&Prime; _module_preset=\u00a0\u00bbdefault\u00a0\u00bb global_colors_info=\u00a0\u00bb{}\u00a0\u00bb][et_pb_column type=\u00a0\u00bb4_4&Prime; _builder_version=\u00a0\u00bb4.20.0&Prime; _module_preset=\u00a0\u00bbdefault\u00a0\u00bb global_colors_info=\u00a0\u00bb{}\u00a0\u00bb][et_pb_text _builder_version=\u00a0\u00bb4.22.2&Prime; _module_preset=\u00a0\u00bb4526cc4d-2a18-4f9c-89aa-d4a7a23117ca\u00a0\u00bb header_text_color=\u00a0\u00bb#FFFFFF\u00a0\u00bb header_font_size=\u00a0\u00bb40px\u00a0\u00bb text_orientation=\u00a0\u00bbcenter\u00a0\u00bb global_colors_info=\u00a0\u00bb{}\u00a0\u00bb]<\/p>\n<h1>Termes et conditions<\/h1>\n<p>[\/et_pb_text][\/et_pb_column][\/et_pb_row][\/et_pb_section][et_pb_section fb_built=\u00a0\u00bb1&Prime; admin_label=\u00a0\u00bbBlog\u00a0\u00bb _builder_version=\u00a0\u00bb4.22.2&Prime; _module_preset=\u00a0\u00bbdefault\u00a0\u00bb background_color=\u00a0\u00bb#FFFFFF\u00a0\u00bb collapsed=\u00a0\u00bbon\u00a0\u00bb global_colors_info=\u00a0\u00bb{}\u00a0\u00bb][et_pb_row _builder_version=\u00a0\u00bb4.20.0&Prime; _module_preset=\u00a0\u00bbdefault\u00a0\u00bb global_colors_info=\u00a0\u00bb{}\u00a0\u00bb][et_pb_column type=\u00a0\u00bb4_4&Prime; _builder_version=\u00a0\u00bb4.20.0&Prime; _module_preset=\u00a0\u00bbdefault\u00a0\u00bb global_colors_info=\u00a0\u00bb{}\u00a0\u00bb][et_pb_text _builder_version=\u00a0\u00bb4.22.2&Prime; _module_preset=\u00a0\u00bbdefault\u00a0\u00bb text_font=\u00a0\u00bb|600|||||||\u00a0\u00bb global_colors_info=\u00a0\u00bb{}\u00a0\u00bb]<\/p>\n<p>&nbsp;<\/p>\n<p>Bienvenue chez AKTrading LLC!<\/p>\n<p>Ces termes et conditions d\u00e9crivent les r\u00e8gles et r\u00e9glementations pour l\u2019utilisation du site Web d\u2019AKTrading LLC, situ\u00e9 \u00e0 https:\/\/aktradingfutures.com\/ et https:\/\/aktradingfutures.com\/.<\/p>\n<p>En acc\u00e9dant \u00e0 ce site Web, nous supposons que vous acceptez ces termes et conditions.\u00a0 Ne continuez pas \u00e0 utiliser AKTrading LLC si vous n\u2019acceptez pas toutes les conditions g\u00e9n\u00e9rales \u00e9nonc\u00e9es sur cette page.\u00a0<\/p>\n<p>La terminologie suivante s\u2019applique aux pr\u00e9sentes conditions g\u00e9n\u00e9rales, \u00e0 la d\u00e9claration de confidentialit\u00e9 et \u00e0 la clause de non-responsabilit\u00e9 et \u00e0 tous les accords: \u00abClient\u00bb, \u00abVous\u00bb et \u00abVotre\u00bb font r\u00e9f\u00e9rence \u00e0 vous, la personne connect\u00e9e sur ce site Web et conforme aux conditions g\u00e9n\u00e9rales de la Soci\u00e9t\u00e9.\u00a0 \u00abLa soci\u00e9t\u00e9\u00bb, \u00abnous-m\u00eames\u00bb, \u00abnous\u00bb, \u00abnotre\u00bb et \u00abnous\u00bb fait r\u00e9f\u00e9rence \u00e0 notre soci\u00e9t\u00e9.\u00a0 \u00abPartie\u00bb, \u00abParties\u00bb ou \u00abNous\u00bb fait r\u00e9f\u00e9rence \u00e0 la fois au Client et \u00e0 nous-m\u00eames.\u00a0 Tous les termes se r\u00e9f\u00e8rent \u00e0 l\u2019offre, l\u2019acceptation et la consid\u00e9ration du paiement n\u00e9cessaires (Paypal) pour entreprendre le processus de notre assistance au Client de la mani\u00e8re la plus appropri\u00e9e dans le but expr\u00e8s de r\u00e9pondre aux besoins du Client en ce qui concerne la fourniture des services d\u00e9clar\u00e9s de la Soci\u00e9t\u00e9, conform\u00e9ment \u00e0\u00a0 et sous r\u00e9serve de la loi en vigueur en France.\u00a0 Toute utilisation de la terminologie ci-dessus ou d\u2019autres mots au singulier, au pluriel, en majuscules et \/ ou il ou elles, sont consid\u00e9r\u00e9s comme interchangeables et donc comme faisant r\u00e9f\u00e9rence \u00e0 ceux-ci.<\/p>\n<h6>Cookie<\/h6>\n<p>Nous utilisons des cookies.\u00a0 En acc\u00e9dant \u00e0 AKTrading LLC, vous avez accept\u00e9 d\u2019utiliser des cookies en accord avec la politique de confidentialit\u00e9 et de <a href=\"https:\/\/aktradingfutures.com\/politique-de-cookies-ue\/\" target=\"_blank\" rel=\"noopener\">cookies<\/a> d\u2019AKTrading LLC.<\/p>\n<p>La plupart des sites Web interactifs utilisent des cookies pour nous permettre de r\u00e9cup\u00e9rer les d\u00e9tails de l\u2019utilisateur pour chaque visite.\u00a0 Les cookies sont utilis\u00e9s par notre site Web pour permettre la fonctionnalit\u00e9 de certaines zones afin de faciliter la navigation des personnes sur notre site Web.\u00a0 Certains de nos partenaires affili\u00e9s \/ publicitaires peuvent \u00e9galement utiliser des cookies.<\/p>\n<h6>Licence<\/h6>\n<p>Sauf indication contraire, AKTrading LLC et \/ ou ses conc\u00e9dants de licence d\u00e9tiennent les droits de propri\u00e9t\u00e9 intellectuelle pour tout le mat\u00e9riel sur AKTrading LLC.\u00a0 Tous les droits de propri\u00e9t\u00e9 intellectuelle sont r\u00e9serv\u00e9s.\u00a0 Vous pouvez y acc\u00e9der \u00e0 partir d\u2019AKTrading LLC pour votre usage personnel soumis aux restrictions d\u00e9finies dans les pr\u00e9sentes conditions g\u00e9n\u00e9rales.<\/p>\n<p>Vous ne devez pas:<\/p>\n<ul>\n<li>\u00a0Republier du mat\u00e9riel d\u2019AKTrading LLC<\/li>\n<li>\u00a0Vendre, louer ou sous-licencier du mat\u00e9riel d\u2019AKTrading LLC<\/li>\n<li>\u00a0Reproduire, dupliquer ou copier du mat\u00e9riel d\u2019AKTrading LLC<\/li>\n<li>\u00a0Redistribuer le contenu d\u2019AKTrading LLC<\/li>\n<\/ul>\n<p>Le pr\u00e9sent accord prend effet \u00e0 la date des pr\u00e9sentes.<\/p>\n<p>Certaines parties de ce site Web offrent aux utilisateurs la possibilit\u00e9 de publier et d\u2019\u00e9changer des opinions et des informations dans certaines zones du site Web.\u00a0 AKTrading LLC ne filtre pas, ne modifie pas, ne publie pas et ne r\u00e9vise pas les commentaires avant leur pr\u00e9sence sur le site Web.\u00a0 Les commentaires ne refl\u00e8tent pas les vues et opinions d\u2019AKTrading LLC, de ses agents et \/ ou soci\u00e9t\u00e9s affili\u00e9es.\u00a0 Les commentaires refl\u00e8tent les points de vue et les opinions de la personne qui publie leurs points de vue et opinions.\u00a0 Dans la mesure permise par les lois applicables, AKTrading LLC ne sera pas responsable des Commentaires ou de toute responsabilit\u00e9, dommages ou d\u00e9penses caus\u00e9s et \/ ou subis du fait de toute utilisation et \/ ou publication et \/ ou apparition des Commentaires sur\u00a0 ce site Web.<\/p>\n<p>AKTrading LLC se r\u00e9serve le droit de surveiller tous les commentaires et de supprimer tout commentaire pouvant \u00eatre consid\u00e9r\u00e9 comme inappropri\u00e9, offensant ou entra\u00eenant une violation des pr\u00e9sentes conditions g\u00e9n\u00e9rales.<\/p>\n<p>Vous garantissez et d\u00e9clarez que:<\/p>\n<ul>\n<li>\u00a0Vous \u00eates autoris\u00e9 \u00e0 publier les commentaires sur notre site Web et \u00e0 disposer de toutes les licences et autorisations n\u00e9cessaires pour le faire;<\/li>\n<li>\u00a0Les Commentaires ne portent atteinte \u00e0 aucun droit de propri\u00e9t\u00e9 intellectuelle, y compris, sans limitation, les droits d\u2019auteur, brevets ou marques de commerce de tiers;<\/li>\n<li>\u00a0Les commentaires ne contiennent aucun \u00e9l\u00e9ment diffamatoire, calomnieux, offensant, ind\u00e9cent ou autrement ill\u00e9gal constituant une atteinte \u00e0 la vie priv\u00e9e.<\/li>\n<li>\u00a0Les commentaires ne seront pas utilis\u00e9s pour solliciter ou promouvoir des activit\u00e9s commerciales ou personnalis\u00e9es ou pr\u00e9senter des activit\u00e9s commerciales ou des activit\u00e9s ill\u00e9gales.<\/li>\n<\/ul>\n<p>Par la pr\u00e9sente, vous accordez \u00e0 AKTrading LLC une licence non exclusive pour utiliser, reproduire, modifier et autoriser d\u2019autres personnes \u00e0 utiliser, reproduire et modifier n\u2019importe lequel de vos commentaires sous toutes formes, formats ou supports.<\/p>\n<h6>Remboursement<\/h6>\n<p>Vous pouvez vous retirer d\u2019un cours en ligne \u00e0 tout moment.\u00a0 Cependant, une fois inscrit et connect\u00e9 au cours, vous ne recevrez aucun remboursement pour quelque raison que ce soit.<\/p>\n<h6>Hyperlien vers notre contenu<\/h6>\n<p>Les organisations suivantes peuvent cr\u00e9er un lien vers notre site Web sans approbation \u00e9crite pr\u00e9alable:<\/p>\n<ul>\n<li>\u00a0Organismes gouvernementaux;<\/li>\n<li>\u00a0Moteurs de recherche;<\/li>\n<li>\u00a0Organismes de presse;<\/li>\n<li>\u00a0Les distributeurs d\u2019annuaires en ligne peuvent cr\u00e9er un lien vers notre site Web de la m\u00eame mani\u00e8re qu\u2019ils \u00e9tablissent un lien hypertexte vers les sites Web d\u2019autres entreprises r\u00e9pertori\u00e9es;\u00a0 et<\/li>\n<li>\u00a0Entreprises accr\u00e9dit\u00e9es \u00e0 l\u2019\u00e9chelle du syst\u00e8me, \u00e0 l\u2019exception de la sollicitation d\u2019organisations \u00e0 but non lucratif, de centres commerciaux de bienfaisance et de groupes de collecte de fonds caritatifs qui ne peuvent pas cr\u00e9er d\u2019hyperliens vers notre site Web.<\/li>\n<\/ul>\n<p>Ces organisations peuvent cr\u00e9er un lien vers notre page d\u2019accueil, des publications ou d\u2019autres informations du site Web tant que le lien: (a) n\u2019est en aucun cas trompeur;\u00a0 (b) n\u2019implique pas faussement le parrainage, l\u2019approbation ou l\u2019approbation de la partie de liaison et de ses produits et \/ ou services;\u00a0 et (c) s\u2019inscrit dans le contexte du site de la partie de liaison.<\/p>\n<p>Nous pouvons consid\u00e9rer et approuver d\u2019autres demandes de liens des types d\u2019organisations suivants:<\/p>\n<ul>\n<li>\u00a0les sources d\u2019information sur les consommateurs et \/ ou les entreprises connues;<\/li>\n<li>\u00a0sites communautaires dot.com;<\/li>\n<li>\u00a0les associations ou autres groupes repr\u00e9sentant des \u0153uvres de bienfaisance;<\/li>\n<li>\u00a0distributeurs d\u2019annuaires en ligne;<\/li>\n<li>\u00a0portails Internet;<\/li>\n<li>\u00a0cabinets comptables, juridiques et de conseil;\u00a0 et<\/li>\n<li>\u00a0\u00e9tablissements d\u2019enseignement et associations professionnelles.<\/li>\n<\/ul>\n<p>Nous approuverons les demandes de lien de ces organisations si nous d\u00e9cidons que: (a) le lien ne nous ferait pas regarder d\u00e9favorablement nous-m\u00eames ou nos entreprises accr\u00e9dit\u00e9es;\u00a0 (b) l\u2019organisation n\u2019a aucun dossier n\u00e9gatif avec nous;\u00a0 (c) l\u2019avantage pour nous de la visibilit\u00e9 de l\u2019hyperlien compense l\u2019absence d\u2019AKTrading LLC;\u00a0 et (d) le lien se situe dans le contexte des informations g\u00e9n\u00e9rales sur les ressources.<\/p>\n<p>Ces organisations peuvent cr\u00e9er un lien vers notre page d\u2019accueil tant que le lien: (a) n\u2019est en aucun cas trompeur;\u00a0 (b) n\u2019implique pas faussement le parrainage, l\u2019approbation ou l\u2019approbation de la partie de liaison et de ses produits ou services;\u00a0 et (c) s\u2019inscrit dans le contexte du site de la partie de liaison.<\/p>\n<p>Si vous \u00eates l\u2019une des organisations \u00e9num\u00e9r\u00e9es au paragraphe 2 ci-dessus et que vous souhaitez cr\u00e9er un lien vers notre site Web, vous devez nous en informer en envoyant un e-mail \u00e0 AKTrading LLC.\u00a0 Veuillez inclure votre nom, le nom de votre organisation, vos coordonn\u00e9es ainsi que l\u2019URL de votre site, une liste de toutes les URL \u00e0 partir desquelles vous avez l\u2019intention de cr\u00e9er un lien vers notre site Web, et une liste des URL sur notre site vers lesquelles vous souhaitez\u00a0 lien.\u00a0 Attendez 2-3 semaines pour une r\u00e9ponse.<\/p>\n<p>Les organisations approuv\u00e9es peuvent cr\u00e9er un lien hypertexte vers notre site Web comme suit:<\/p>\n<ul>\n<li>\u00a0En utilisant notre raison sociale;\u00a0 ou<\/li>\n<li>\u00a0En utilisant le localisateur de ressources uniforme li\u00e9 \u00e0;\u00a0 ou<\/li>\n<li>\u00a0En utilisant toute autre description de notre site Web li\u00e9e \u00e0 qui a du sens dans le contexte et le format du contenu sur le site de la partie de liaison.<\/li>\n<\/ul>\n<p>Aucune utilisation du logo d\u2019AKTrading LLC ou d\u2019autres illustrations ne sera autoris\u00e9e pour le lien en l\u2019absence d\u2019un accord de licence de marque.<\/p>\n<h6>iFrames<\/h6>\n<p>Sans autorisation pr\u00e9alable et autorisation \u00e9crite, vous ne pouvez pas cr\u00e9er de cadres autour de nos pages Web qui alt\u00e8rent de quelque mani\u00e8re que ce soit la pr\u00e9sentation visuelle ou l\u2019apparence de notre site Web.<\/p>\n<h6>Responsabilit\u00e9 du contenu<\/h6>\n<p>Nous ne serons pas tenus responsables de tout contenu qui appara\u00eet sur votre site Web.\u00a0 Vous acceptez de nous prot\u00e9ger et de nous d\u00e9fendre contre toutes les r\u00e9clamations qui augmentent sur votre site Web.\u00a0 Aucun lien ne doit appara\u00eetre sur un site Web pouvant \u00eatre interpr\u00e9t\u00e9 comme diffamatoire, obsc\u00e8ne ou criminel, ou qui enfreint, viole ou pr\u00e9conise l\u2019infraction ou toute autre violation des droits de tiers.<\/p>\n<h6>Votre vie priv\u00e9e<\/h6>\n<p>Veuillez lire la<span>\u00a0<\/span><a href=\"https:\/\/aktradingfutures.com\/politique-de-confidentialite-rgpd-france\/\" target=\"_blank\" rel=\"noopener\">politique de confidentialit\u00e9<\/a><\/p>\n<h6>R\u00e9serve de droits<\/h6>\n<p>Nous nous r\u00e9servons le droit de vous demander de supprimer tous les liens ou tout lien particulier vers notre site Web.\u00a0 Vous acceptez de supprimer imm\u00e9diatement tous les liens vers notre site Web sur demande.\u00a0 Nous nous r\u00e9servons \u00e9galement le droit de modifier ces termes et conditions et sa politique de liens \u00e0 tout moment.\u00a0 En vous connectant en continu \u00e0 notre site Web, vous acceptez d\u2019\u00eatre li\u00e9 et de suivre ces conditions g\u00e9n\u00e9rales de liaison.<\/p>\n<p>Si vous trouvez un lien sur notre site Web offensant pour quelque raison que ce soit, vous \u00eates libre de nous contacter et de nous informer \u00e0 tout moment.\u00a0 Nous prendrons en consid\u00e9ration les demandes de suppression de liens, mais nous ne sommes pas tenus de le faire ou de vous r\u00e9pondre directement.<\/p>\n<p>Nous ne garantissons pas que les informations sur ce site sont correctes, nous ne garantissons pas leur exhaustivit\u00e9 ou leur exactitude;\u00a0 nous ne promettons pas non plus de veiller \u00e0 ce que le site Web reste disponible ou \u00e0 ce que le contenu du site Web soit mis \u00e0 jour.<\/p>\n<h6>Avertissement<\/h6>\n<p>Dans la mesure maximale permise par la loi applicable, nous excluons toutes les d\u00e9clarations, garanties et conditions relatives \u00e0 notre site Web et \u00e0 l\u2019utilisation de ce site Web.\u00a0 Rien dans cette clause de non-responsabilit\u00e9 ne:<\/p>\n<ul>\n<li>\u00a0limiter ou exclure notre ou votre responsabilit\u00e9 en cas de d\u00e9c\u00e8s ou de blessure;<\/li>\n<li>\u00a0limiter ou exclure notre ou votre responsabilit\u00e9 pour fraude ou fausse d\u00e9claration frauduleuse;<\/li>\n<li>\u00a0limiter nos ou vos responsabilit\u00e9s d\u2019une mani\u00e8re non autoris\u00e9e par la loi applicable;\u00a0 ou<\/li>\n<li>\u00a0exclure tout ou partie de nos responsabilit\u00e9s qui ne peuvent \u00eatre exclues en vertu de la loi applicable.<\/li>\n<\/ul>\n<p>Les limitations et interdictions de responsabilit\u00e9 d\u00e9finies dans cette section et ailleurs dans cette clause de non-responsabilit\u00e9: (a) sont soumises au paragraphe pr\u00e9c\u00e9dent;\u00a0 et (b) r\u00e9gir toutes les responsabilit\u00e9s d\u00e9coulant de la clause de non-responsabilit\u00e9, y compris les responsabilit\u00e9s d\u00e9coulant du contrat, en responsabilit\u00e9 d\u00e9lictuelle et pour manquement \u00e0 une obligation l\u00e9gale.<\/p>\n<p>Tant que le site Web et les informations et services sur le site Web sont fournis gratuitement, nous ne serons pas responsables de toute perte ou dommage de quelque nature que ce soit.<\/p>\n<p><strong>Clause de non-responsabilit\u00e9:<\/strong><\/p>\n<p>Le Forex ou les contrats futures sont des instruments financiers complexes et pr\u00e9sentent un risque \u00e9lev\u00e9 de perte en raison de l\u2019effet de levier. Vous devez vous assurez (1) d\u2019avoir une bonne compr\u00e9hension du fonctionnement des contrats \u00e0 terme et (2) d\u2019accepter de prendre le risque \u00e9lev\u00e9 de perdre l\u2019argent investi.<\/p>\n<p><strong>Clause de non-responsabilit\u00e9 s\u2019agissant des performances hypoth\u00e9tiques<\/strong>:<\/p>\n<p>Les r\u00e9sultats de performance hypoth\u00e9tiques ont de nombreuses limitations inh\u00e9rentes, dont certaines sont d\u00e9crites ci-dessous. Aucune repr\u00e9sentation n\u2019est faite qu\u2019un compte r\u00e9alisera ou est susceptible de r\u00e9aliser des b\u00e9n\u00e9fices ou des pertes similaires \u00e0 ceux indiqu\u00e9s ; il existe de facto souvent des diff\u00e9rences marqu\u00e9es entre les r\u00e9sultats de performance hypoth\u00e9tiques et les r\u00e9sultats r\u00e9els obtenus par la suite par un programme de trading particulier. L\u2019une des limites des r\u00e9sultats de performance hypoth\u00e9tiques est qu\u2019ils sont g\u00e9n\u00e9ralement pr\u00e9par\u00e9s avec le recul. De plus, les transactions hypoth\u00e9tiques n\u2019impliquent pas de risque financier, et aucun historique de transactions hypoth\u00e9tiques ne peut compl\u00e8tement expliquer l\u2019impact du risque financier des transactions r\u00e9elles. Par exemple, la capacit\u00e9 \u00e0 supporter des pertes ou \u00e0 adh\u00e9rer \u00e0 un programme de trading particulier malgr\u00e9 des pertes de trading sont des points importants qui peuvent \u00e9galement affecter n\u00e9gativement les r\u00e9sultats de trading r\u00e9els. Il existe de nombreux autres facteurs li\u00e9s aux march\u00e9s en g\u00e9n\u00e9ral ou \u00e0 la mise en \u0153uvre d\u2019un programme de trading sp\u00e9cifique qui ne peuvent pas \u00eatre enti\u00e8rement pris en compte dans la pr\u00e9paration des r\u00e9sultats de performance hypoth\u00e9tiques et qui peuvent tous avoir une incidence n\u00e9gative sur les r\u00e9sultats de trading.<\/p>\n<p><strong>Clause de non-responsabilit\u00e9 s\u2019agissant des t\u00e9moignages<\/strong>:<\/p>\n<p>les t\u00e9moignages apparaissant sur ce site Web peuvent ne pas \u00eatre repr\u00e9sentatifs d\u2019autres clients et ne constituent pas une garantie de performances ou de succ\u00e8s futurs.<\/p>\n<p>[\/et_pb_text][\/et_pb_column][\/et_pb_row][\/et_pb_section]<\/p>\n","protected":false},"excerpt":{"rendered":"<p>Termes et conditions&nbsp; Bienvenue chez AKTrading LLC! Ces termes et conditions d\u00e9crivent les r\u00e8gles et r\u00e9glementations pour l\u2019utilisation du site Web d\u2019AKTrading LLC, situ\u00e9 \u00e0 https:\/\/aktradingfutures.com\/ et https:\/\/aktradingfutures.com\/. En acc\u00e9dant \u00e0 ce site Web, nous supposons que vous acceptez ces termes et conditions.\u00a0 Ne continuez pas \u00e0 utiliser AKTrading LLC si vous n\u2019acceptez pas toutes [&hellip;]<\/p>\n","protected":false},"author":1,"featured_media":0,"parent":0,"menu_order":0,"comment_status":"closed","ping_status":"closed","template":"","meta":{"_et_pb_use_builder":"on","_et_pb_old_content":"","_et_gb_content_width":"","footnotes":""},"class_list":["post-2438","page","type-page","status-publish","hentry"],"_links":{"self":[{"href":"https:\/\/aktradingfutures.fr\/index.php\/wp-json\/wp\/v2\/pages\/2438","targetHints":{"allow":["GET"]}}],"collection":[{"href":"https:\/\/aktradingfutures.fr\/index.php\/wp-json\/wp\/v2\/pages"}],"about":[{"href":"https:\/\/aktradingfutures.fr\/index.php\/wp-json\/wp\/v2\/types\/page"}],"author":[{"embeddable":true,"href":"https:\/\/aktradingfutures.fr\/index.php\/wp-json\/wp\/v2\/users\/1"}],"replies":[{"embeddable":true,"href":"https:\/\/aktradingfutures.fr\/index.php\/wp-json\/wp\/v2\/comments?post=2438"}],"version-history":[{"count":0,"href":"https:\/\/aktradingfutures.fr\/index.php\/wp-json\/wp\/v2\/pages\/2438\/revisions"}],"wp:attachment":[{"href":"https:\/\/aktradingfutures.fr\/index.php\/wp-json\/wp\/v2\/media?parent=2438"}],"curies":[{"name":"wp","href":"https:\/\/api.w.org\/{rel}","templated":true}]}}